{"id":76983,"date":"2025-02-26T00:40:03","date_gmt":"2025-02-26T00:40:03","guid":{"rendered":"https:\/\/danamadrid.com\/cookie-policy\/"},"modified":"2025-05-13T08:01:42","modified_gmt":"2025-05-13T08:01:42","slug":"politica-de-cookies","status":"publish","type":"page","link":"https:\/\/danamadrid.com\/es\/politica-de-cookies\/","title":{"rendered":"Pol\u00edtica de cookies"},"content":{"rendered":"\t\t<div data-elementor-type=\"wp-page\" data-elementor-id=\"76983\" class=\"elementor elementor-76983 elementor-76707\" data-elementor-post-type=\"page\">\n\t\t\t\t\t\t<section class=\"elementor-section elementor-top-section elementor-element elementor-element-7241ff89 elementor-section-boxed elementor-section-height-default elementor-section-height-default\" data-id=\"7241ff89\" data-element_type=\"section\">\n\t\t\t\t\t\t<div class=\"elementor-container elementor-column-gap-default\">\n\t\t\t\t\t<div class=\" elementor-column elementor-col-100 elementor-top-column elementor-element elementor-element-16e5a78f\" data-fullscreen-column-settings=\"{&quot;fullscreen&quot;:&quot;&quot;}\" data-id=\"16e5a78f\" data-element_type=\"column\">\n\t\t\t<div class=\"elementor-widget-wrap elementor-element-populated\">\n\t\t\t\t\t\t<div class=\"elementor-element elementor-element-13e40e2b elementor-widget elementor-widget-text-editor\" data-id=\"13e40e2b\" data-element_type=\"widget\" data-widget_type=\"text-editor.default\">\n\t\t\t\t<div class=\"elementor-widget-container\">\n\t\t\t\t\t\t\t\t\t<div class=\"gdpr-styles\"><h4>Pol\u00edtica de cookies<\/h4><p>El acceso a este Sitio Web puede implicar la utilizaci\u00f3n de cookies. Las cookies son peque\u00f1as cantidades de informaci\u00f3n que se almacenan en el navegador utilizado por cada Usuario -en los distintos dispositivos que utilice para navegar-, de forma que el servidor recuerda cierta informaci\u00f3n que posteriormente s\u00f3lo el servidor que la implement\u00f3 leer\u00e1. Las cookies facilitan la navegaci\u00f3n, son m\u00e1s f\u00e1ciles de usar y no da\u00f1an el dispositivo de navegaci\u00f3n.  <\/p><p>Las cookies son procedimientos autom\u00e1ticos de recogida de informaci\u00f3n relativa a las preferencias determinadas por el Usuario durante su visita al Sitio Web, con el fin de reconocerle como Usuario y personalizar su experiencia y uso del Sitio Web. Tambi\u00e9n pueden, por ejemplo, ayudar a identificar y resolver errores. <\/p><p>La informaci\u00f3n recogida a trav\u00e9s de las cookies puede incluir la fecha y hora de las visitas al Sitio Web, las p\u00e1ginas visitadas, el tiempo pasado en el Sitio Web y los sitios visitados justo antes y despu\u00e9s. Sin embargo, ninguna cookie permite que esa misma cookie se ponga en contacto con el n\u00famero de tel\u00e9fono del Usuario o con cualquier otro m\u00e9todo de contacto personal. Ninguna cookie puede extraer informaci\u00f3n del disco duro del Usuario ni robar informaci\u00f3n personal. La \u00fanica forma de que la informaci\u00f3n privada del Usuario pase a formar parte del archivo Cookie es que el Usuario proporcione personalmente esa informaci\u00f3n al servidor.   <\/p><p>Las cookies que permiten la identificaci\u00f3n de una persona se consideran datos personales. Por lo tanto, se les aplica la misma Pol\u00edtica de Privacidad descrita anteriormente. En este sentido, el uso de estas cookies requerir\u00e1 el consentimiento del Usuario. Este consentimiento ser\u00e1 comunicado, basado en una elecci\u00f3n aut\u00e9ntica, ofrecida a trav\u00e9s de una decisi\u00f3n afirmativa y positiva, antes del procesamiento inicial, y es removible y documentado.   <\/p><h4>Cookies de origen<\/h4><p>Son cookies enviadas al ordenador o dispositivo del Usuario y gestionadas exclusivamente por Dana Madrid para el correcto funcionamiento del Sitio Web. La informaci\u00f3n recogida se utiliza para mejorar la calidad del Sitio Web, su Contenido y la experiencia del Usuario. Estas cookies permiten reconocer al Usuario como visitante recurrente del Sitio Web y adaptar el contenido para ofrecerle contenidos que se ajusten a sus preferencias.  <\/p><h4>Cookies de terceros<\/h4><p>Son cookies utilizadas y gestionadas por entidades externas que prestan servicios solicitados por Dana Madrid para mejorar el Sitio Web y la experiencia del Usuario durante su navegaci\u00f3n por el Sitio Web. Los objetivos principales del uso de cookies de terceros son obtener estad\u00edsticas de acceso y analizar la informaci\u00f3n de navegaci\u00f3n, es decir, c\u00f3mo interact\u00faa el Usuario con el Sitio Web. <\/p><p>La informaci\u00f3n obtenida se refiere, por ejemplo, al n\u00famero de p\u00e1ginas visitadas, idioma, ubicaci\u00f3n desde la que accede la direcci\u00f3n IP del Usuario, n\u00famero de Usuarios que acceden, frecuencia y recurrencia de las visitas, tiempo de visita, navegador utilizado, operador o tipo de dispositivo desde el que se realiza la visita. Esta informaci\u00f3n se utiliza para mejorar el Sitio Web e identificar nuevas necesidades para ofrecer a los Usuarios contenidos y\/o servicios de calidad \u00f3ptima. En cualquier caso, la informaci\u00f3n se recoge de forma an\u00f3nima, y se elaboran informes de tendencias del Sitio Web sin identificar a usuarios individuales.  <\/p><p>La(s) entidad(es) responsable(s) de proporcionar las cookies puede(n) transferir esta informaci\u00f3n a terceros, siempre que lo exija la ley o cuando un tercero procese esta informaci\u00f3n para dichas entidades.<\/p><h4>Cookies de redes sociales<\/h4><p>Dana Madrid incorpora plugins de redes sociales, que permiten el acceso a las mismas desde el Sitio Web. Por este motivo, las cookies de las redes sociales pueden almacenarse en el navegador del Usuario. Los titulares de estas redes sociales tienen sus propias pol\u00edticas de protecci\u00f3n de datos y de cookies, siendo ellos mismos los responsables de sus propios ficheros y pr\u00e1cticas de privacidad. El Usuario debe consultarlas para conocer dichas cookies y, en su caso, el tratamiento de sus datos personales. A efectos meramente informativos, se facilitan a continuaci\u00f3n enlaces para consultar dichas pol\u00edticas de privacidad y\/o cookies:    <\/p><ul><li>Facebook: <a href=\"https:\/\/www.facebook.com\/policies\/cookies\" target=\"_blank\" rel=\"noopener\">facebook.com\/policies\/cookies<\/a><\/li><li>Twitter: <a href=\"https:\/\/twitter.com\/en\/privacy\" target=\"_blank\" rel=\"noopener\">twitter.com\/en\/privacy<\/a><\/li><li>Instagram: <a href=\"https:\/\/help.instagram.com\/1896641480634370?ref=ig\" target=\"_blank\" rel=\"noopener\">help.instagram.com<\/a><\/li><li>Youtube: <a href=\"https:\/\/policies.google.com\/privacy?hl=en&amp;gl=us\" target=\"_blank\" rel=\"noopener\">policies.google.com\/privacy<\/a><\/li><li>Google+: <a href=\"https:\/\/policies.google.com\/technologies\/cookies?hl=en\" target=\"_blank\" rel=\"noopener\">policies.google.com\/technologies\/cookies<\/a><\/li><li>Pinterest: <a href=\"https:\/\/policy.pinterest.com\/en\/privacy-policy\" target=\"_blank\" rel=\"noopener\">policy.pinterest.com\/en\/privacy-policy<\/a><\/li><li>LinkedIn: <a href=\"https:\/\/www.linkedin.com\/legal\/cookie-policy?trk=hp-cookies\" target=\"_blank\" rel=\"noopener\">linkedin.com\/legal\/cookie-policy<\/a><\/li><\/ul><h4>Desactivar, rechazar y eliminar cookies<\/h4><p>El Usuario puede desactivar, rechazar y eliminar las cookies -total o parcialmente- instaladas en su dispositivo configurando su navegador (incluyendo Chrome, Firefox, Safari, Explorer, por ejemplo). En este sentido, los procedimientos para rechazar y eliminar cookies pueden diferir de un navegador de Internet a otro. Por lo tanto, el Usuario debe consultar las instrucciones proporcionadas por el navegador de Internet espec\u00edfico que est\u00e9 utilizando. En caso de que rechace el uso de cookies -en su totalidad o en parte- podr\u00e1 seguir utilizando el Sitio Web, aunque algunas de sus funciones podr\u00e1n verse limitadas.   <\/p><\/div>\t\t\t\t\t\t\t\t<\/div>\n\t\t\t\t<\/div>\n\t\t\t\t\t<\/div>\n\t\t<\/div>\n\t\t\t\t\t<\/div>\n\t\t<\/section>\n\t\t\t\t<\/div>\n\t\t","protected":false},"excerpt":{"rendered":"<p>Pol\u00edtica de cookies El acceso a este Sitio Web puede implicar la utilizaci\u00f3n de cookies. Las cookies son peque\u00f1as cantidades de informaci\u00f3n que se almacenan en el navegador utilizado por cada Usuario -en los distintos dispositivos que utilice para navegar-, de forma que el servidor recuerda cierta informaci\u00f3n que posteriormente s\u00f3lo el servidor que la [&hellip;]<\/p>\n","protected":false},"author":1,"featured_media":0,"parent":0,"menu_order":0,"comment_status":"closed","ping_status":"closed","template":"elementor_header_footer","meta":{"footnotes":""},"class_list":["post-76983","page","type-page","status-publish","hentry"],"_links":{"self":[{"href":"https:\/\/danamadrid.com\/es\/wp-json\/wp\/v2\/pages\/76983","targetHints":{"allow":["GET"]}}],"collection":[{"href":"https:\/\/danamadrid.com\/es\/wp-json\/wp\/v2\/pages"}],"about":[{"href":"https:\/\/danamadrid.com\/es\/wp-json\/wp\/v2\/types\/page"}],"author":[{"embeddable":true,"href":"https:\/\/danamadrid.com\/es\/wp-json\/wp\/v2\/users\/1"}],"replies":[{"embeddable":true,"href":"https:\/\/danamadrid.com\/es\/wp-json\/wp\/v2\/comments?post=76983"}],"version-history":[{"count":17,"href":"https:\/\/danamadrid.com\/es\/wp-json\/wp\/v2\/pages\/76983\/revisions"}],"predecessor-version":[{"id":77861,"href":"https:\/\/danamadrid.com\/es\/wp-json\/wp\/v2\/pages\/76983\/revisions\/77861"}],"wp:attachment":[{"href":"https:\/\/danamadrid.com\/es\/wp-json\/wp\/v2\/media?parent=76983"}],"curies":[{"name":"wp","href":"https:\/\/api.w.org\/{rel}","templated":true}]}}